{"id":36,"date":"2016-11-30T11:39:11","date_gmt":"2016-11-30T11:39:11","guid":{"rendered":"http:\/\/bursailahigrubu.com\/?page_id=36"},"modified":"2025-07-23T16:36:49","modified_gmt":"2025-07-23T13:36:49","slug":"hakkimizda","status":"publish","type":"page","link":"https:\/\/bursailahigrubu.com\/?page_id=36","title":{"rendered":"==== HAKKIMIZDA ====="},"content":{"rendered":"<div id=\"wb_element_instance56\" class=\"wb_element\">\n<h1 class=\"wb-stl-heading1\"><\/h1>\n<\/div>\n<div id=\"wb_element_instance58\" class=\"wb_element\">\n<h2 class=\"wb-stl-heading3\"><span style=\"color: #ff0000;\"><u><strong>== BURSA \u0130LAH\u0130 VE SEMAZEN GRUBU ===<\/strong>\u00a0<\/u><\/span><\/h2>\n<h2 class=\"wb-stl-heading3\"><span style=\"color: #ff0000;\"><strong>Bursa ili ve\u00a0 il\u00e7elerinde, solistimizle, semazenlerimizle sizlere hizmet verdik.. <\/strong><\/span><\/h2>\n<h2 class=\"wb-stl-heading3\"><span style=\"color: #ff0000;\"><strong>Be\u011fenileriniz ve tavsiyeleriniz sayesinde <\/strong><\/span><span style=\"color: #ff0000;\"><strong>d\u00fc\u011f\u00fcnlerinizi g\u00fczelle\u015ftirdik.<\/strong><\/span><\/h2>\n<h2 class=\"wb-stl-heading3\"><span style=\"color: #ff0000;\"><strong>Profesyonel solist ve semazenlerimiz ile hizmetinizdeyiz&#8230;&#8230;.\u00a0\u00a0 <\/strong><\/span><\/h2>\n<h2 class=\"wb-stl-heading3\"><span style=\"color: #993300;\"><strong><span style=\"color: #ff0000;\">Hay\u0131rla kal\u0131n\u0131z&#8230;.\u00a0\u00a0 R\u0131za G\u00dcNEY&#8230;&#8230;<\/span><br \/>\n<\/strong><\/span><\/h2>\n<h2 class=\"wb-stl-heading3\"><span style=\"color: #993300;\"><strong>\u00a0\u00a0\u00a0\u00a0 \u00a0 \u00a0 \u00a0 \u00a0 \u00a0 \u00a0 \u00a0 \u00a0 \u00a0 \u00a0 \u00a0 \u00a0 \u00a0 \u00a0 \u00a0 \u00a0 \u00a0 \u00a0 <\/strong><\/span><\/h2>\n<h2 class=\"wb-stl-heading3\"><span style=\"color: #993300;\"><strong>\u00a0<span style=\"color: #ff0000;\"> <em>===\u00a0 Bursa ilahi ve semazen grubu\u00a0\u00a0 === \u00a0\u00a0 0.505.356 72 71 \u00a0 ===<\/em><\/span><\/strong><\/span><\/h2>\n<\/div>\n","protected":false},"excerpt":{"rendered":"<p>== BURSA \u0130LAH\u0130 VE SEMAZEN GRUBU ===\u00a0 Bursa ili ve\u00a0 il\u00e7elerinde, solistimizle, semazenlerimizle sizlere hizmet verdik.. Be\u011fenileriniz ve tavsiyeleriniz sayesinde d\u00fc\u011f\u00fcnlerinizi g\u00fczelle\u015ftirdik. Profesyonel solist ve semazenlerimiz ile hizmetinizdeyiz&#8230;&#8230;.\u00a0\u00a0 Hay\u0131rla kal\u0131n\u0131z&#8230;.\u00a0\u00a0 R\u0131za G\u00dcNEY&#8230;&#8230; \u00a0\u00a0\u00a0\u00a0 \u00a0 \u00a0 \u00a0 \u00a0 \u00a0 \u00a0 \u00a0 &hellip; <a href=\"https:\/\/bursailahigrubu.com\/?page_id=36\">Okumaya devam et <span class=\"meta-nav\">&rarr;<\/span><\/a><\/p>\n","protected":false},"author":1,"featured_media":0,"parent":0,"menu_order":0,"comment_status":"closed","ping_status":"closed","template":"","meta":{"footnotes":""},"class_list":["post-36","page","type-page","status-publish","hentry"],"_links":{"self":[{"href":"https:\/\/bursailahigrubu.com\/index.php?rest_route=\/wp\/v2\/pages\/36","targetHints":{"allow":["GET"]}}],"collection":[{"href":"https:\/\/bursailahigrubu.com\/index.php?rest_route=\/wp\/v2\/pages"}],"about":[{"href":"https:\/\/bursailahigrubu.com\/index.php?rest_route=\/wp\/v2\/types\/page"}],"author":[{"embeddable":true,"href":"https:\/\/bursailahigrubu.com\/index.php?rest_route=\/wp\/v2\/users\/1"}],"replies":[{"embeddable":true,"href":"https:\/\/bursailahigrubu.com\/index.php?rest_route=%2Fwp%2Fv2%2Fcomments&post=36"}],"version-history":[{"count":19,"href":"https:\/\/bursailahigrubu.com\/index.php?rest_route=\/wp\/v2\/pages\/36\/revisions"}],"predecessor-version":[{"id":707,"href":"https:\/\/bursailahigrubu.com\/index.php?rest_route=\/wp\/v2\/pages\/36\/revisions\/707"}],"wp:attachment":[{"href":"https:\/\/bursailahigrubu.com\/index.php?rest_route=%2Fwp%2Fv2%2Fmedia&parent=36"}],"curies":[{"name":"wp","href":"https:\/\/api.w.org\/{rel}","templated":true}]}}